{"id":7011,"date":"2020-04-25T21:35:14","date_gmt":"2020-04-25T21:35:14","guid":{"rendered":"https:\/\/www.signapool.com\/videos-de-instalacion\/"},"modified":"2022-02-07T12:11:02","modified_gmt":"2022-02-07T12:11:02","slug":"videos-de-instalacion","status":"publish","type":"page","link":"https:\/\/www.signapool.com\/en\/videos-de-instalacion\/","title":{"rendered":"Videos de instalaci\u00f3n"},"content":{"rendered":"\n<div style=\"height:69px\" aria-hidden=\"true\" class=\"wp-block-spacer\"><\/div>\n\n\n\n<div class=\"wp-block-uagb-advanced-heading uagb-block-d9eada2c uagb-heading-text\"><h1 class=\"uagb-heading-text\">V\u00eddeos de instalaci\u00f3n<\/h1><div class=\"uagb-separator-wrap\"><div class=\"uagb-separator\"><\/div><\/div><p class=\"uagb-desc-text\"><\/p><\/div>\n\n\n\n<section class=\"wp-block-uagb-columns uagb-columns__wrap uagb-columns__background-undefined uagb-columns__stack-mobile uagb-columns__valign-undefined uagb-columns__gap-10 alignfull uagb-block-741f19db\"><div class=\"uagb-columns__overlay\"><\/div><div class=\"uagb-columns__inner-wrap uagb-columns__columns-3\">\n<div class=\"wp-block-uagb-column uagb-column__wrap uagb-column__background-undefined uagb-block-e11913e7\"><div class=\"uagb-column__overlay\"><\/div><div class=\"uagb-column__inner-wrap\">\n<h2 class=\"has-text-align-center wp-block-heading\" id=\"piscinas-de-hormigon\">Piscinas de hormig\u00f3n<\/h2>\n\n\n\n<figure class=\"wp-block-embed is-type-video is-provider-youtube wp-block-embed-youtube wp-embed-aspect-16-9 wp-has-aspect-ratio\"><div class=\"wp-block-embed__wrapper\">\n<iframe title=\"Signapool - sistema de impermeabilizaci\u00f3n flexible para Piscinas\" width=\"500\" height=\"281\" data-src=\"https:\/\/www.youtube.com\/embed\/pOQrp5ZHRWw?feature=oembed\" frameborder=\"0\" allow=\"accelerometer; autoplay; clipboard-write; encrypted-media; gyroscope; picture-in-picture; web-share\" referrerpolicy=\"strict-origin-when-cross-origin\" allowfullscreen src=\"data:image\/svg+xml;base64,PHN2ZyB3aWR0aD0iMSIgaGVpZ2h0PSIxIiB4bWxucz0iaHR0cDovL3d3dy53My5vcmcvMjAwMC9zdmciPjwvc3ZnPg==\" class=\"lazyload\" data-load-mode=\"1\"><\/iframe>\n<\/div><\/figure>\n<\/div><\/div>\n\n\n\n<div class=\"wp-block-uagb-column uagb-column__wrap uagb-column__background-undefined uagb-block-0c3949ae\"><div class=\"uagb-column__overlay\"><\/div><div class=\"uagb-column__inner-wrap\">\n<h2 class=\"has-text-align-center wp-block-heading\" id=\"piscinas-de-acero\">Piscinas de acero<\/h2>\n\n\n\n<figure class=\"wp-block-embed is-type-video is-provider-youtube wp-block-embed-youtube wp-embed-aspect-16-9 wp-has-aspect-ratio\"><div class=\"wp-block-embed__wrapper\">\n<iframe title=\"Signapool system para piscinas de acero con acabado de gresite\" width=\"500\" height=\"281\" data-src=\"https:\/\/www.youtube.com\/embed\/crFgVMiiC50?feature=oembed\" frameborder=\"0\" allow=\"accelerometer; autoplay; clipboard-write; encrypted-media; gyroscope; picture-in-picture; web-share\" referrerpolicy=\"strict-origin-when-cross-origin\" allowfullscreen src=\"data:image\/svg+xml;base64,PHN2ZyB3aWR0aD0iMSIgaGVpZ2h0PSIxIiB4bWxucz0iaHR0cDovL3d3dy53My5vcmcvMjAwMC9zdmciPjwvc3ZnPg==\" class=\"lazyload\" data-load-mode=\"1\"><\/iframe>\n<\/div><\/figure>\n<\/div><\/div>\n\n\n\n<div class=\"wp-block-uagb-column uagb-column__wrap uagb-column__background-undefined uagb-block-105c24f1\"><div class=\"uagb-column__overlay\"><\/div><div class=\"uagb-column__inner-wrap\">\n<h2 class=\"has-text-align-center wp-block-heading\" id=\"piscinas-de-polipropileno\">Piscinas de polipropileno<\/h2>\n\n\n\n<figure class=\"wp-block-embed is-type-video is-provider-youtube wp-block-embed-youtube wp-embed-aspect-16-9 wp-has-aspect-ratio\"><div class=\"wp-block-embed__wrapper\">\n<iframe title=\"Signapool system + Mondial Piscine structure - polypropylene and concrete\" width=\"500\" height=\"281\" data-src=\"https:\/\/www.youtube.com\/embed\/CG-N6cb2A3U?start=26&#038;feature=oembed\" frameborder=\"0\" allow=\"accelerometer; autoplay; clipboard-write; encrypted-media; gyroscope; picture-in-picture; web-share\" referrerpolicy=\"strict-origin-when-cross-origin\" allowfullscreen src=\"data:image\/svg+xml;base64,PHN2ZyB3aWR0aD0iMSIgaGVpZ2h0PSIxIiB4bWxucz0iaHR0cDovL3d3dy53My5vcmcvMjAwMC9zdmciPjwvc3ZnPg==\" class=\"lazyload\" data-load-mode=\"1\"><\/iframe>\n<\/div><\/figure>\n<\/div><\/div>\n<\/div><\/section>\n\n\n\n<div style=\"height:69px\" aria-hidden=\"true\" class=\"wp-block-spacer\"><\/div>\n","protected":false},"excerpt":{"rendered":"<p>V\u00eddeos de instalaci\u00f3n Piscinas de hormig\u00f3n Piscinas de acero Piscinas de polipropileno<\/p>\n","protected":false},"author":1,"featured_media":0,"parent":0,"menu_order":0,"comment_status":"closed","ping_status":"closed","template":"","meta":{"_acf_changed":false,"inline_featured_image":false,"_uag_custom_page_level_css":"","site-sidebar-layout":"no-sidebar","site-content-layout":"page-builder","ast-site-content-layout":"default","site-content-style":"default","site-sidebar-style":"default","ast-global-header-display":"","ast-banner-title-visibility":"","ast-main-header-display":"","ast-hfb-above-header-display":"","ast-hfb-below-header-display":"","ast-hfb-mobile-header-display":"","site-post-title":"disabled","ast-breadcrumbs-content":"","ast-featured-img":"","footer-sml-layout":"","ast-disable-related-posts":"","theme-transparent-header-meta":"","adv-header-id-meta":"","stick-header-meta":"","header-above-stick-meta":"","header-main-stick-meta":"","header-below-stick-meta":"","astra-migrate-meta-layouts":"default","ast-page-background-enabled":"default","ast-page-background-meta":{"desktop":{"background-color":"var(--ast-global-color-4)","background-image":"","background-repeat":"repeat","background-position":"center center","background-size":"auto","background-attachment":"scroll","background-type":"","background-media":"","overlay-type":"","overlay-color":"","overlay-opacity":"","overlay-gradient":""},"tablet":{"background-color":"","background-image":"","background-repeat":"repeat","background-position":"center center","background-size":"auto","background-attachment":"scroll","background-type":"","background-media":"","overlay-type":"","overlay-color":"","overlay-opacity":"","overlay-gradient":""},"mobile":{"background-color":"","background-image":"","background-repeat":"repeat","background-position":"center center","background-size":"auto","background-attachment":"scroll","background-type":"","background-media":"","overlay-type":"","overlay-color":"","overlay-opacity":"","overlay-gradient":""}},"ast-content-background-meta":{"desktop":{"background-color":"var(--ast-global-color-5)","background-image":"","background-repeat":"repeat","background-position":"center center","background-size":"auto","background-attachment":"scroll","background-type":"","background-media":"","overlay-type":"","overlay-color":"","overlay-opacity":"","overlay-gradient":""},"tablet":{"background-color":"var(--ast-global-color-5)","background-image":"","background-repeat":"repeat","background-position":"center center","background-size":"auto","background-attachment":"scroll","background-type":"","background-media":"","overlay-type":"","overlay-color":"","overlay-opacity":"","overlay-gradient":""},"mobile":{"background-color":"var(--ast-global-color-5)","background-image":"","background-repeat":"repeat","background-position":"center center","background-size":"auto","background-attachment":"scroll","background-type":"","background-media":"","overlay-type":"","overlay-color":"","overlay-opacity":"","overlay-gradient":""}},"footnotes":""},"class_list":["post-7011","page","type-page","status-publish","hentry"],"acf":[],"yoast_head":"<!-- This site is optimized with the Yoast SEO Premium plugin v26.1 (Yoast SEO v27.4) - https:\/\/yoast.com\/product\/yoast-seo-premium-wordpress\/ -->\n<title>Videos de instalaci\u00f3n<\/title>\n<meta name=\"robots\" content=\"index, follow, max-snippet:-1, max-image-preview:large, max-video-preview:-1\" \/>\n<link rel=\"canonical\" href=\"https:\/\/www.signapool.com\/en\/videos-de-instalacion\/\" \/>\n<meta property=\"og:locale\" content=\"en_US\" \/>\n<meta property=\"og:type\" content=\"article\" \/>\n<meta property=\"og:title\" content=\"Videos de instalaci\u00f3n\" \/>\n<meta property=\"og:description\" content=\"V\u00eddeos de instalaci\u00f3n Piscinas de hormig\u00f3n Piscinas de acero Piscinas de polipropileno\" \/>\n<meta property=\"og:url\" content=\"https:\/\/www.signapool.com\/en\/videos-de-instalacion\/\" \/>\n<meta property=\"og:site_name\" content=\"Signapool | Sistemas flexibles para la impermeabilizaci\u00f3n de piscinas\" \/>\n<meta property=\"article:modified_time\" content=\"2022-02-07T12:11:02+00:00\" \/>\n<meta name=\"twitter:card\" content=\"summary_large_image\" \/>\n<script type=\"application\/ld+json\" class=\"yoast-schema-graph\">{\"@context\":\"https:\\\/\\\/schema.org\",\"@graph\":[{\"@type\":\"WebPage\",\"@id\":\"https:\\\/\\\/www.signapool.com\\\/en\\\/videos-de-instalacion\\\/\",\"url\":\"https:\\\/\\\/www.signapool.com\\\/en\\\/videos-de-instalacion\\\/\",\"name\":\"Videos de instalaci\u00f3n\",\"isPartOf\":{\"@id\":\"https:\\\/\\\/www.signapool.com\\\/#website\"},\"datePublished\":\"2020-04-25T21:35:14+00:00\",\"dateModified\":\"2022-02-07T12:11:02+00:00\",\"breadcrumb\":{\"@id\":\"https:\\\/\\\/www.signapool.com\\\/en\\\/videos-de-instalacion\\\/#breadcrumb\"},\"inLanguage\":\"en-US\",\"potentialAction\":[{\"@type\":\"ReadAction\",\"target\":[\"https:\\\/\\\/www.signapool.com\\\/en\\\/videos-de-instalacion\\\/\"]}]},{\"@type\":\"BreadcrumbList\",\"@id\":\"https:\\\/\\\/www.signapool.com\\\/en\\\/videos-de-instalacion\\\/#breadcrumb\",\"itemListElement\":[{\"@type\":\"ListItem\",\"position\":1,\"name\":\"Portada\",\"item\":\"https:\\\/\\\/www.signapool.com\\\/en\\\/\"},{\"@type\":\"ListItem\",\"position\":2,\"name\":\"Videos de instalaci\u00f3n\"}]},{\"@type\":\"WebSite\",\"@id\":\"https:\\\/\\\/www.signapool.com\\\/#website\",\"url\":\"https:\\\/\\\/www.signapool.com\\\/\",\"name\":\"Signapool | Sistemas flexibles para la impermeabilizaci\u00f3n de piscinas\",\"description\":\"Sistemas flexibles para la impermeabilizaci\u00f3n de piscinas\",\"publisher\":{\"@id\":\"https:\\\/\\\/www.signapool.com\\\/#organization\"},\"potentialAction\":[{\"@type\":\"SearchAction\",\"target\":{\"@type\":\"EntryPoint\",\"urlTemplate\":\"https:\\\/\\\/www.signapool.com\\\/?s={search_term_string}\"},\"query-input\":{\"@type\":\"PropertyValueSpecification\",\"valueRequired\":true,\"valueName\":\"search_term_string\"}}],\"inLanguage\":\"en-US\"},{\"@type\":\"Organization\",\"@id\":\"https:\\\/\\\/www.signapool.com\\\/#organization\",\"name\":\"Signapool | Sistemas flexibles para la impermeabilizaci\u00f3n de piscinas\",\"url\":\"https:\\\/\\\/www.signapool.com\\\/\",\"logo\":{\"@type\":\"ImageObject\",\"inLanguage\":\"en-US\",\"@id\":\"https:\\\/\\\/www.signapool.com\\\/#\\\/schema\\\/logo\\\/image\\\/\",\"url\":\"https:\\\/\\\/www.signapool.com\\\/wp-content\\\/uploads\\\/2017\\\/07\\\/cropped-Signapoollogoweb.png\",\"contentUrl\":\"https:\\\/\\\/www.signapool.com\\\/wp-content\\\/uploads\\\/2017\\\/07\\\/cropped-Signapoollogoweb.png\",\"width\":512,\"height\":512,\"caption\":\"Signapool | Sistemas flexibles para la impermeabilizaci\u00f3n de piscinas\"},\"image\":{\"@id\":\"https:\\\/\\\/www.signapool.com\\\/#\\\/schema\\\/logo\\\/image\\\/\"}}]}<\/script>\n<!-- \/ Yoast SEO Premium plugin. -->","yoast_head_json":{"title":"Videos de instalaci\u00f3n","robots":{"index":"index","follow":"follow","max-snippet":"max-snippet:-1","max-image-preview":"max-image-preview:large","max-video-preview":"max-video-preview:-1"},"canonical":"https:\/\/www.signapool.com\/en\/videos-de-instalacion\/","og_locale":"en_US","og_type":"article","og_title":"Videos de instalaci\u00f3n","og_description":"V\u00eddeos de instalaci\u00f3n Piscinas de hormig\u00f3n Piscinas de acero Piscinas de polipropileno","og_url":"https:\/\/www.signapool.com\/en\/videos-de-instalacion\/","og_site_name":"Signapool | Sistemas flexibles para la impermeabilizaci\u00f3n de piscinas","article_modified_time":"2022-02-07T12:11:02+00:00","twitter_card":"summary_large_image","schema":{"@context":"https:\/\/schema.org","@graph":[{"@type":"WebPage","@id":"https:\/\/www.signapool.com\/en\/videos-de-instalacion\/","url":"https:\/\/www.signapool.com\/en\/videos-de-instalacion\/","name":"Videos de instalaci\u00f3n","isPartOf":{"@id":"https:\/\/www.signapool.com\/#website"},"datePublished":"2020-04-25T21:35:14+00:00","dateModified":"2022-02-07T12:11:02+00:00","breadcrumb":{"@id":"https:\/\/www.signapool.com\/en\/videos-de-instalacion\/#breadcrumb"},"inLanguage":"en-US","potentialAction":[{"@type":"ReadAction","target":["https:\/\/www.signapool.com\/en\/videos-de-instalacion\/"]}]},{"@type":"BreadcrumbList","@id":"https:\/\/www.signapool.com\/en\/videos-de-instalacion\/#breadcrumb","itemListElement":[{"@type":"ListItem","position":1,"name":"Portada","item":"https:\/\/www.signapool.com\/en\/"},{"@type":"ListItem","position":2,"name":"Videos de instalaci\u00f3n"}]},{"@type":"WebSite","@id":"https:\/\/www.signapool.com\/#website","url":"https:\/\/www.signapool.com\/","name":"Signapool | Sistemas flexibles para la impermeabilizaci\u00f3n de piscinas","description":"Sistemas flexibles para la impermeabilizaci\u00f3n de piscinas","publisher":{"@id":"https:\/\/www.signapool.com\/#organization"},"potentialAction":[{"@type":"SearchAction","target":{"@type":"EntryPoint","urlTemplate":"https:\/\/www.signapool.com\/?s={search_term_string}"},"query-input":{"@type":"PropertyValueSpecification","valueRequired":true,"valueName":"search_term_string"}}],"inLanguage":"en-US"},{"@type":"Organization","@id":"https:\/\/www.signapool.com\/#organization","name":"Signapool | Sistemas flexibles para la impermeabilizaci\u00f3n de piscinas","url":"https:\/\/www.signapool.com\/","logo":{"@type":"ImageObject","inLanguage":"en-US","@id":"https:\/\/www.signapool.com\/#\/schema\/logo\/image\/","url":"https:\/\/www.signapool.com\/wp-content\/uploads\/2017\/07\/cropped-Signapoollogoweb.png","contentUrl":"https:\/\/www.signapool.com\/wp-content\/uploads\/2017\/07\/cropped-Signapoollogoweb.png","width":512,"height":512,"caption":"Signapool | Sistemas flexibles para la impermeabilizaci\u00f3n de piscinas"},"image":{"@id":"https:\/\/www.signapool.com\/#\/schema\/logo\/image\/"}}]}},"uagb_featured_image_src":{"full":false,"thumbnail":false,"medium":false,"medium_large":false,"large":false,"1536x1536":false,"2048x2048":false,"woocommerce_thumbnail":false,"woocommerce_single":false,"woocommerce_gallery_thumbnail":false},"uagb_author_info":{"display_name":"admin","author_link":"https:\/\/www.signapool.com\/en\/author\/moon\/"},"uagb_comment_info":0,"uagb_excerpt":"V\u00eddeos de instalaci\u00f3n Piscinas de hormig\u00f3n Piscinas de acero Piscinas de polipropileno","_links":{"self":[{"href":"https:\/\/www.signapool.com\/en\/wp-json\/wp\/v2\/pages\/7011","targetHints":{"allow":["GET"]}}],"collection":[{"href":"https:\/\/www.signapool.com\/en\/wp-json\/wp\/v2\/pages"}],"about":[{"href":"https:\/\/www.signapool.com\/en\/wp-json\/wp\/v2\/types\/page"}],"author":[{"embeddable":true,"href":"https:\/\/www.signapool.com\/en\/wp-json\/wp\/v2\/users\/1"}],"replies":[{"embeddable":true,"href":"https:\/\/www.signapool.com\/en\/wp-json\/wp\/v2\/comments?post=7011"}],"version-history":[{"count":0,"href":"https:\/\/www.signapool.com\/en\/wp-json\/wp\/v2\/pages\/7011\/revisions"}],"wp:attachment":[{"href":"https:\/\/www.signapool.com\/en\/wp-json\/wp\/v2\/media?parent=7011"}],"curies":[{"name":"wp","href":"https:\/\/api.w.org\/{rel}","templated":true}]}}