{"id":7010,"date":"2018-10-07T15:14:08","date_gmt":"2018-10-07T15:14:08","guid":{"rendered":"https:\/\/www.signapool.com\/reparacion-piscina-poliester-gresite\/"},"modified":"2018-10-07T15:14:08","modified_gmt":"2018-10-07T15:14:08","slug":"reparacion-piscina-poliester-gresite","status":"publish","type":"page","link":"https:\/\/www.signapool.com\/en\/reparacion-piscina-poliester-gresite\/","title":{"rendered":"Repararaci\u00f3n de piscina de poli\u00e9ster"},"content":{"rendered":"\n<p>Antes de explicar el sistema de reparaci\u00f3n de piscinas de poli\u00e9ster con gresite es importante explicar que las Piscinas llamadas de Poli\u00e9ster o fibria de vidrio en realidad son una mezcla de los dos materiales. Para construir el vaso se mezclan las dos resinas y se crea una estructura resistente y duradera.<\/p>\n\n\n\n<h2 class=\"wp-block-heading\" id=\"patologias-en-piscinas-de-poliester\">Patolog\u00edas en Piscinas de Poli\u00e9ster<\/h2>\n\n\n\n<div class=\"wp-block-image\"><figure class=\"alignleft\"><a href=\"https:\/\/www.signapool.com\/wp-content\/uploads\/2018\/10\/piscina-poliester-antigua.jpg\"><img decoding=\"async\" data-src=\"https:\/\/www.signapool.com\/wp-content\/uploads\/2018\/10\/piscina-poliester-antigua-225x300.jpg\" alt=\"reparacion piscina de poliester\" src=\"data:image\/svg+xml;base64,PHN2ZyB3aWR0aD0iMSIgaGVpZ2h0PSIxIiB4bWxucz0iaHR0cDovL3d3dy53My5vcmcvMjAwMC9zdmciPjwvc3ZnPg==\" class=\"lazyload\" style=\"--smush-placeholder-width: 225px; --smush-placeholder-aspect-ratio: 225\/300;\" \/><\/a><\/figure><\/div>\n\n\n\n<p>Las piscinas de Poli\u00e9ster o fibra de vidrio antiguas pueden tener problemas de estanqueidad del vaso debido a la generaci\u00f3n de grietas. Estas grietas normalmente no presentan ning\u00fan problema estructural en la piscina, pero s\u00ed un problema en la estanqueidad.<\/p>\n\n\n\n<p>Otro problema habitual es la aparici\u00f3n de ampollas en la fibra. Estas ampollas son un problema que se llama osmosis y se origina debido a que la fibra no es estanca al vapor de agua. Con el paso de los a\u00f1os, este vapor penetra dentro y luego hace el efecto de ampolla al querer salir.<\/p>\n\n\n\n<div class=\"wp-block-image\"><figure class=\"alignright\"><a href=\"https:\/\/www.signapool.com\/wp-content\/uploads\/2020\/04\/osmosis-en-piscina-de-poliester.jpg\"><img decoding=\"async\" data-src=\"https:\/\/www.signapool.com\/wp-content\/uploads\/2020\/04\/osmosis-en-piscina-de-poliester-300x225.jpg\" alt=\"reparacion piscina poliester\" src=\"data:image\/svg+xml;base64,PHN2ZyB3aWR0aD0iMSIgaGVpZ2h0PSIxIiB4bWxucz0iaHR0cDovL3d3dy53My5vcmcvMjAwMC9zdmciPjwvc3ZnPg==\" class=\"lazyload\" style=\"--smush-placeholder-width: 300px; --smush-placeholder-aspect-ratio: 300\/225;\" \/><\/a><\/figure><\/div>\n\n\n\n<p>Adem\u00e1s, en algunos casos hay clientes que prefieren renovar su piscina de Poli\u00e9ster d\u00e1ndole un acabado de mosaico ya que es m\u00e1s bonito y duradero. Al terminar el proceso tendremos una hermosa piscina de poli\u00e9ster con gresite.<\/p>\n\n\n\n<h2 class=\"wp-block-heading\" id=\"sistemas-signapol-para-renovar-o-reparar-piscinas-de-poliester\">Sistemas Signapol para Renovar o Reparar piscinas de Poli\u00e9ster<\/h2>\n\n\n\n<p>Signapool ofrece dos sistemas para las piscinas de poli\u00e9ster:<\/p>\n\n\n\n<p>1) El primero es para la reparacio\u00f3n de una piscina de poli\u00e9ster que haya tenido problemas de osmosis o de estenqueidad. Gracias al sistema Signapool conseguimos asegurar la estructura con la l\u00e1mina Signapool y luego permite dar un acabado de mosaico directamente sobre la l\u00e1mina.<\/p>\n\n\n\n<p>2) El segundo es para renovar una piscina de poli\u00e9ster d\u00e1ndole un acabado de mosaico. Para ello utilizamos el adhesivo epoxi EPOGROUT para pegar el gresite sobre el poli\u00e9ster, y el mismo producto para rejuntar el mosaico.<\/p>\n\n\n\n<p><strong>Ventajas:<\/strong><\/p>\n\n\n\n<ul class=\"wp-block-list\"><li>F\u00e1cil instalaci\u00f3n<\/li><li>Aguanta movimientos y puentea fisuras<\/li><li>Desacopla la estructura del mosaico<\/li><li>Sistema de m\u00ednimo espesor<\/li><li>Doble estanqueidad con el rejuntado EPOGROUT<\/li><\/ul>\n\n\n\n<h2 class=\"wp-block-heading\" id=\"reparar-y-renovar-una-piscina-de-poliester\">Reparar y Renovar una piscina de Poli\u00e9ster<\/h2>\n\n\n\n<div class=\"wp-block-media-text alignwide is-stacked-on-mobile nosombra\"><figure class=\"wp-block-media-text__media\"><img decoding=\"async\" data-src=\"https:\/\/www.signapool.com\/wp-content\/uploads\/2018\/10\/render-sistema-signapool-poliester-lamina.png\" alt=\"piscina de poli\u00e9ster con gresite\" src=\"data:image\/svg+xml;base64,PHN2ZyB3aWR0aD0iMSIgaGVpZ2h0PSIxIiB4bWxucz0iaHR0cDovL3d3dy53My5vcmcvMjAwMC9zdmciPjwvc3ZnPg==\" class=\"lazyload\" style=\"--smush-placeholder-width: 1024px; --smush-placeholder-aspect-ratio: 1024\/927;\" \/><\/figure><div class=\"wp-block-media-text__content\">\n<p><strong>Pasos<\/strong><\/p>\n\n\n\n<p>1. Lijar con lija fina y aspirar todo el polvo<br>2. Epogrout con llana dentada&nbsp;<br>3. L\u00e1mina Signapool S1&nbsp;<br>4. Solapes de 5cm con X-COLL&nbsp;<br>5. Sellado de accesorios con Epogrout Dependiendo del n\u00famero de accesorios<br>6. Mosaico adherido con Cerafix blanco&nbsp;<br>7. Rejunteo con Epogrout<\/p>\n<\/div><\/div>\n\n\n\n<h2 class=\"wp-block-heading\" id=\"piscina-de-poliester-con-gresite\">Piscina de poli\u00e9ster con gresite<\/h2>\n\n\n\n<div class=\"wp-block-media-text alignwide has-media-on-the-right is-stacked-on-mobile nosombra\"><figure class=\"wp-block-media-text__media\"><img decoding=\"async\" data-src=\"https:\/\/www.signapool.com\/wp-content\/uploads\/2018\/10\/render-piscina-signapool-poliester-gresite-1024x926.png\" alt=\"piscina de poliester con gresite\" src=\"data:image\/svg+xml;base64,PHN2ZyB3aWR0aD0iMSIgaGVpZ2h0PSIxIiB4bWxucz0iaHR0cDovL3d3dy53My5vcmcvMjAwMC9zdmciPjwvc3ZnPg==\" class=\"lazyload\" style=\"--smush-placeholder-width: 1024px; --smush-placeholder-aspect-ratio: 1024\/926;\" \/><\/figure><div class=\"wp-block-media-text__content\">\n<p><strong>Pasos:<\/strong><\/p>\n\n\n\n<p>1. Lijar con lija fina y aspirar todo el polvo<br>2. Colocar la cer\u00e1mica con Epogrout con llana dentada de 3mm (adhesivo especial super flexible)<br>3. Rejuntar el mosaico con Epogrout (adhesivo y rejuntado especial super flexible)<\/p>\n<\/div><\/div>\n\n\n\n<h2 class=\"wp-block-heading\" id=\"resultado-final\">Resultado final<\/h2>\n\n\n\n<figure class=\"wp-block-image\"><img decoding=\"async\" data-src=\"https:\/\/www.signapool.com\/wp-content\/uploads\/2020\/05\/d26bca944f0c55bbac1d29bc9b97e613-1024x765.jpg\" alt=\"reparacion piscina poliester\" src=\"data:image\/svg+xml;base64,PHN2ZyB3aWR0aD0iMSIgaGVpZ2h0PSIxIiB4bWxucz0iaHR0cDovL3d3dy53My5vcmcvMjAwMC9zdmciPjwvc3ZnPg==\" class=\"lazyload\" style=\"--smush-placeholder-width: 1024px; --smush-placeholder-aspect-ratio: 1024\/765;\" \/><\/figure>\n\n\n\n<h2 class=\"wp-block-heading\" id=\"acabado-la-importancia-del-rejuntado\">Acabado: La importancia del rejuntado.<\/h2>\n\n\n\n<p>El rejuntado o <a href=\"https:\/\/www.signapool.com\/lechada-para-piscina\/\">lechada de la piscina<\/a> habitual (cementoso) no es impermeable y al cabo de pocos a\u00f1os se va descomponiendo y\/o sale moho. Eso es debido a que la resistencia qu\u00edmica de la lechada cementosa es muy limitada. Adem\u00e1s la lechada de base cementosa no es impermeable y permite que el agua transpase la junta. Por ese motivo, y especialmente en el sistema de piscina de poli\u00e9ster con gresite es obligatorio rejuntar con Epogrout. Eso es debido a que el poli\u00e9ster o fibra de vidrio tiene movimientos que fisurar\u00edan la junta cementosa.<\/p>\n\n\n\n<p>El sistema de impermeabilizaci\u00f3n Signapool, al ser un sistema completo, asegura la renovaci\u00f3n d\u00e1ndo una seguridad adicional al vaso con el rejuntado epoxi Epogrout. Es 100% impermeable, tiene mucha resistencia qu\u00edmica (ya sea cloraci\u00f3n normal o salina) y no se descolorea con el paso de los a\u00f1os.<\/p>\n\n\n\n<p>Adem\u00e1s, La lechada epoxi EPOGROUT es muy f\u00e1cil de aplicar (casi como una cementosa).<\/p>\n\n\n\n<div class=\"wp-block-media-text alignwide is-stacked-on-mobile is-image-fill\"><figure class=\"wp-block-media-text__media lazyload\" style=\"background-image:inherit;background-position:50% 50%\" data-bg-image=\"url(https:\/\/www.signapool.com\/wp-content\/uploads\/2020\/04\/rejuntado-piscina-EPOGROUT-1024x768-1.jpg)\"><img decoding=\"async\" width=\"615\" height=\"461\" data-src=\"https:\/\/www.signapool.com\/wp-content\/uploads\/2020\/04\/rejuntado-piscina-EPOGROUT-1024x768-1.jpg\" alt=\"rejuntado epoxi\" class=\"wp-image-2445 size-full lazyload\" data-srcset=\"https:\/\/www.signapool.com\/wp-content\/uploads\/2020\/04\/rejuntado-piscina-EPOGROUT-1024x768-1.jpg 615w, https:\/\/www.signapool.com\/wp-content\/uploads\/2020\/04\/rejuntado-piscina-EPOGROUT-1024x768-1-300x225.jpg 300w\" data-sizes=\"(max-width: 615px) 100vw, 615px\" src=\"data:image\/svg+xml;base64,PHN2ZyB3aWR0aD0iMSIgaGVpZ2h0PSIxIiB4bWxucz0iaHR0cDovL3d3dy53My5vcmcvMjAwMC9zdmciPjwvc3ZnPg==\" style=\"--smush-placeholder-width: 615px; --smush-placeholder-aspect-ratio: 615\/461;\" \/><\/figure><div class=\"wp-block-media-text__content\">\n<p><strong>Pasos:&nbsp;<\/strong><\/p>\n\n\n\n<ul class=\"wp-block-list\"><li>1. Mezclar los tres componentes con una&nbsp;batidora el\u00e9ctrica.<\/li><li>2. Expandir el producto utilizando una llana de goma dura. Aplicar el producto en diagonal a las juntas.<\/li><li>3. Recoger todos los excesos con la misma llana de goma.<\/li><li>4. Inmediatamente, limpiar la zona con agua y con un estropajo tipo scotch brite ejerciendo movimientos circulares.<\/li><li>5. Luego recoger ese \u201ccaldo\u201d con una llana de esponja.<\/li><\/ul>\n<\/div><\/div>\n","protected":false},"excerpt":{"rendered":"<p>Antes de explicar el sistema de reparaci\u00f3n de piscinas de poli\u00e9ster con gresite es importante explicar que las Piscinas llamadas de Poli\u00e9ster o fibria de vidrio en realidad son una mezcla de los dos materiales. Para construir el vaso se mezclan las dos resinas y se crea una estructura resistente y duradera. Patolog\u00edas en Piscinas [&hellip;]<\/p>\n","protected":false},"author":1,"featured_media":1528,"parent":0,"menu_order":0,"comment_status":"closed","ping_status":"closed","template":"","meta":{"_acf_changed":false,"inline_featured_image":false,"_uag_custom_page_level_css":"","site-sidebar-layout":"default","site-content-layout":"","ast-site-content-layout":"default","site-content-style":"default","site-sidebar-style":"default","ast-global-header-display":"","ast-banner-title-visibility":"","ast-main-header-display":"","ast-hfb-above-header-display":"","ast-hfb-below-header-display":"","ast-hfb-mobile-header-display":"","site-post-title":"","ast-breadcrumbs-content":"","ast-featured-img":"","footer-sml-layout":"","ast-disable-related-posts":"","theme-transparent-header-meta":"","adv-header-id-meta":"","stick-header-meta":"","header-above-stick-meta":"","header-main-stick-meta":"","header-below-stick-meta":"","astra-migrate-meta-layouts":"default","ast-page-background-enabled":"default","ast-page-background-meta":{"desktop":{"background-color":"var(--ast-global-color-4)","background-image":"","background-repeat":"repeat","background-position":"center center","background-size":"auto","background-attachment":"scroll","background-type":"","background-media":"","overlay-type":"","overlay-color":"","overlay-opacity":"","overlay-gradient":""},"tablet":{"background-color":"","background-image":"","background-repeat":"repeat","background-position":"center center","background-size":"auto","background-attachment":"scroll","background-type":"","background-media":"","overlay-type":"","overlay-color":"","overlay-opacity":"","overlay-gradient":""},"mobile":{"background-color":"","background-image":"","background-repeat":"repeat","background-position":"center center","background-size":"auto","background-attachment":"scroll","background-type":"","background-media":"","overlay-type":"","overlay-color":"","overlay-opacity":"","overlay-gradient":""}},"ast-content-background-meta":{"desktop":{"background-color":"var(--ast-global-color-5)","background-image":"","background-repeat":"repeat","background-position":"center center","background-size":"auto","background-attachment":"scroll","background-type":"","background-media":"","overlay-type":"","overlay-color":"","overlay-opacity":"","overlay-gradient":""},"tablet":{"background-color":"var(--ast-global-color-5)","background-image":"","background-repeat":"repeat","background-position":"center center","background-size":"auto","background-attachment":"scroll","background-type":"","background-media":"","overlay-type":"","overlay-color":"","overlay-opacity":"","overlay-gradient":""},"mobile":{"background-color":"var(--ast-global-color-5)","background-image":"","background-repeat":"repeat","background-position":"center center","background-size":"auto","background-attachment":"scroll","background-type":"","background-media":"","overlay-type":"","overlay-color":"","overlay-opacity":"","overlay-gradient":""}},"footnotes":""},"class_list":["post-7010","page","type-page","status-publish","has-post-thumbnail","hentry"],"acf":[],"yoast_head":"<!-- This site is optimized with the Yoast SEO Premium plugin v26.1 (Yoast SEO v27.4) - https:\/\/yoast.com\/product\/yoast-seo-premium-wordpress\/ -->\n<title>Reparaci\u00f3n de piscina de poliester con acabado gresite<\/title>\n<meta name=\"description\" content=\"El sistema signapool es ideal para la reparaci\u00f3n de pisicnas de poli\u00e9ster o para revestir piscinas de poli\u00e9ster con gresite.\" \/>\n<meta name=\"robots\" content=\"index, follow, max-snippet:-1, max-image-preview:large, max-video-preview:-1\" \/>\n<link rel=\"canonical\" href=\"https:\/\/www.signapool.com\/reparacion-piscina-poliester-gresite\/\" \/>\n<meta property=\"og:locale\" content=\"en_US\" \/>\n<meta property=\"og:type\" content=\"article\" \/>\n<meta property=\"og:title\" content=\"Repararaci\u00f3n de piscina de poli\u00e9ster\" \/>\n<meta property=\"og:description\" content=\"El sistema signapool es ideal para la reparaci\u00f3n de pisicnas de poli\u00e9ster o para revestir piscinas de poli\u00e9ster con gresite.\" \/>\n<meta property=\"og:url\" content=\"https:\/\/www.signapool.com\/reparacion-piscina-poliester-gresite\/\" \/>\n<meta property=\"og:site_name\" content=\"Signapool | Sistemas flexibles para la impermeabilizaci\u00f3n de piscinas\" \/>\n<meta property=\"og:image\" content=\"https:\/\/www.signapool.com\/wp-content\/uploads\/2018\/10\/render-sistema-signapool-poliester-lamina.png\" \/>\n\t<meta property=\"og:image:width\" content=\"1024\" \/>\n\t<meta property=\"og:image:height\" content=\"927\" \/>\n\t<meta property=\"og:image:type\" content=\"image\/png\" \/>\n<meta name=\"twitter:card\" content=\"summary_large_image\" \/>\n<meta name=\"twitter:label1\" content=\"Est. reading time\" \/>\n\t<meta name=\"twitter:data1\" content=\"3 minutes\" \/>\n<script type=\"application\/ld+json\" class=\"yoast-schema-graph\">{\"@context\":\"https:\\\/\\\/schema.org\",\"@graph\":[{\"@type\":\"WebPage\",\"@id\":\"https:\\\/\\\/www.signapool.com\\\/reparacion-piscina-poliester-gresite\\\/\",\"url\":\"https:\\\/\\\/www.signapool.com\\\/reparacion-piscina-poliester-gresite\\\/\",\"name\":\"Reparaci\u00f3n de piscina de poliester con acabado gresite\",\"isPartOf\":{\"@id\":\"https:\\\/\\\/www.signapool.com\\\/#website\"},\"primaryImageOfPage\":{\"@id\":\"https:\\\/\\\/www.signapool.com\\\/reparacion-piscina-poliester-gresite\\\/#primaryimage\"},\"image\":{\"@id\":\"https:\\\/\\\/www.signapool.com\\\/reparacion-piscina-poliester-gresite\\\/#primaryimage\"},\"thumbnailUrl\":\"https:\\\/\\\/www.signapool.com\\\/wp-content\\\/uploads\\\/2018\\\/10\\\/render-sistema-signapool-poliester-lamina.png\",\"datePublished\":\"2018-10-07T15:14:08+00:00\",\"description\":\"El sistema signapool es ideal para la reparaci\u00f3n de pisicnas de poli\u00e9ster o para revestir piscinas de poli\u00e9ster con gresite.\",\"breadcrumb\":{\"@id\":\"https:\\\/\\\/www.signapool.com\\\/reparacion-piscina-poliester-gresite\\\/#breadcrumb\"},\"inLanguage\":\"en-US\",\"potentialAction\":[{\"@type\":\"ReadAction\",\"target\":[\"https:\\\/\\\/www.signapool.com\\\/reparacion-piscina-poliester-gresite\\\/\"]}]},{\"@type\":\"ImageObject\",\"inLanguage\":\"en-US\",\"@id\":\"https:\\\/\\\/www.signapool.com\\\/reparacion-piscina-poliester-gresite\\\/#primaryimage\",\"url\":\"https:\\\/\\\/www.signapool.com\\\/wp-content\\\/uploads\\\/2018\\\/10\\\/render-sistema-signapool-poliester-lamina.png\",\"contentUrl\":\"https:\\\/\\\/www.signapool.com\\\/wp-content\\\/uploads\\\/2018\\\/10\\\/render-sistema-signapool-poliester-lamina.png\",\"width\":1024,\"height\":927,\"caption\":\"reparar piscina de poli\u00e9ster\"},{\"@type\":\"BreadcrumbList\",\"@id\":\"https:\\\/\\\/www.signapool.com\\\/reparacion-piscina-poliester-gresite\\\/#breadcrumb\",\"itemListElement\":[{\"@type\":\"ListItem\",\"position\":1,\"name\":\"Portada\",\"item\":\"https:\\\/\\\/www.signapool.com\\\/en\\\/\"},{\"@type\":\"ListItem\",\"position\":2,\"name\":\"Repararaci\u00f3n de piscina de poli\u00e9ster\"}]},{\"@type\":\"WebSite\",\"@id\":\"https:\\\/\\\/www.signapool.com\\\/#website\",\"url\":\"https:\\\/\\\/www.signapool.com\\\/\",\"name\":\"Signapool | Sistemas flexibles para la impermeabilizaci\u00f3n de piscinas\",\"description\":\"Sistemas flexibles para la impermeabilizaci\u00f3n de piscinas\",\"publisher\":{\"@id\":\"https:\\\/\\\/www.signapool.com\\\/#organization\"},\"potentialAction\":[{\"@type\":\"SearchAction\",\"target\":{\"@type\":\"EntryPoint\",\"urlTemplate\":\"https:\\\/\\\/www.signapool.com\\\/?s={search_term_string}\"},\"query-input\":{\"@type\":\"PropertyValueSpecification\",\"valueRequired\":true,\"valueName\":\"search_term_string\"}}],\"inLanguage\":\"en-US\"},{\"@type\":\"Organization\",\"@id\":\"https:\\\/\\\/www.signapool.com\\\/#organization\",\"name\":\"Signapool | Sistemas flexibles para la impermeabilizaci\u00f3n de piscinas\",\"url\":\"https:\\\/\\\/www.signapool.com\\\/\",\"logo\":{\"@type\":\"ImageObject\",\"inLanguage\":\"en-US\",\"@id\":\"https:\\\/\\\/www.signapool.com\\\/#\\\/schema\\\/logo\\\/image\\\/\",\"url\":\"https:\\\/\\\/www.signapool.com\\\/wp-content\\\/uploads\\\/2017\\\/07\\\/cropped-Signapoollogoweb.png\",\"contentUrl\":\"https:\\\/\\\/www.signapool.com\\\/wp-content\\\/uploads\\\/2017\\\/07\\\/cropped-Signapoollogoweb.png\",\"width\":512,\"height\":512,\"caption\":\"Signapool | Sistemas flexibles para la impermeabilizaci\u00f3n de piscinas\"},\"image\":{\"@id\":\"https:\\\/\\\/www.signapool.com\\\/#\\\/schema\\\/logo\\\/image\\\/\"}}]}<\/script>\n<!-- \/ Yoast SEO Premium plugin. -->","yoast_head_json":{"title":"Reparaci\u00f3n de piscina de poliester con acabado gresite","description":"El sistema signapool es ideal para la reparaci\u00f3n de pisicnas de poli\u00e9ster o para revestir piscinas de poli\u00e9ster con gresite.","robots":{"index":"index","follow":"follow","max-snippet":"max-snippet:-1","max-image-preview":"max-image-preview:large","max-video-preview":"max-video-preview:-1"},"canonical":"https:\/\/www.signapool.com\/reparacion-piscina-poliester-gresite\/","og_locale":"en_US","og_type":"article","og_title":"Repararaci\u00f3n de piscina de poli\u00e9ster","og_description":"El sistema signapool es ideal para la reparaci\u00f3n de pisicnas de poli\u00e9ster o para revestir piscinas de poli\u00e9ster con gresite.","og_url":"https:\/\/www.signapool.com\/reparacion-piscina-poliester-gresite\/","og_site_name":"Signapool | Sistemas flexibles para la impermeabilizaci\u00f3n de piscinas","og_image":[{"width":1024,"height":927,"url":"https:\/\/www.signapool.com\/wp-content\/uploads\/2018\/10\/render-sistema-signapool-poliester-lamina.png","type":"image\/png"}],"twitter_card":"summary_large_image","twitter_misc":{"Est. reading time":"3 minutes"},"schema":{"@context":"https:\/\/schema.org","@graph":[{"@type":"WebPage","@id":"https:\/\/www.signapool.com\/reparacion-piscina-poliester-gresite\/","url":"https:\/\/www.signapool.com\/reparacion-piscina-poliester-gresite\/","name":"Reparaci\u00f3n de piscina de poliester con acabado gresite","isPartOf":{"@id":"https:\/\/www.signapool.com\/#website"},"primaryImageOfPage":{"@id":"https:\/\/www.signapool.com\/reparacion-piscina-poliester-gresite\/#primaryimage"},"image":{"@id":"https:\/\/www.signapool.com\/reparacion-piscina-poliester-gresite\/#primaryimage"},"thumbnailUrl":"https:\/\/www.signapool.com\/wp-content\/uploads\/2018\/10\/render-sistema-signapool-poliester-lamina.png","datePublished":"2018-10-07T15:14:08+00:00","description":"El sistema signapool es ideal para la reparaci\u00f3n de pisicnas de poli\u00e9ster o para revestir piscinas de poli\u00e9ster con gresite.","breadcrumb":{"@id":"https:\/\/www.signapool.com\/reparacion-piscina-poliester-gresite\/#breadcrumb"},"inLanguage":"en-US","potentialAction":[{"@type":"ReadAction","target":["https:\/\/www.signapool.com\/reparacion-piscina-poliester-gresite\/"]}]},{"@type":"ImageObject","inLanguage":"en-US","@id":"https:\/\/www.signapool.com\/reparacion-piscina-poliester-gresite\/#primaryimage","url":"https:\/\/www.signapool.com\/wp-content\/uploads\/2018\/10\/render-sistema-signapool-poliester-lamina.png","contentUrl":"https:\/\/www.signapool.com\/wp-content\/uploads\/2018\/10\/render-sistema-signapool-poliester-lamina.png","width":1024,"height":927,"caption":"reparar piscina de poli\u00e9ster"},{"@type":"BreadcrumbList","@id":"https:\/\/www.signapool.com\/reparacion-piscina-poliester-gresite\/#breadcrumb","itemListElement":[{"@type":"ListItem","position":1,"name":"Portada","item":"https:\/\/www.signapool.com\/en\/"},{"@type":"ListItem","position":2,"name":"Repararaci\u00f3n de piscina de poli\u00e9ster"}]},{"@type":"WebSite","@id":"https:\/\/www.signapool.com\/#website","url":"https:\/\/www.signapool.com\/","name":"Signapool | Sistemas flexibles para la impermeabilizaci\u00f3n de piscinas","description":"Sistemas flexibles para la impermeabilizaci\u00f3n de piscinas","publisher":{"@id":"https:\/\/www.signapool.com\/#organization"},"potentialAction":[{"@type":"SearchAction","target":{"@type":"EntryPoint","urlTemplate":"https:\/\/www.signapool.com\/?s={search_term_string}"},"query-input":{"@type":"PropertyValueSpecification","valueRequired":true,"valueName":"search_term_string"}}],"inLanguage":"en-US"},{"@type":"Organization","@id":"https:\/\/www.signapool.com\/#organization","name":"Signapool | Sistemas flexibles para la impermeabilizaci\u00f3n de piscinas","url":"https:\/\/www.signapool.com\/","logo":{"@type":"ImageObject","inLanguage":"en-US","@id":"https:\/\/www.signapool.com\/#\/schema\/logo\/image\/","url":"https:\/\/www.signapool.com\/wp-content\/uploads\/2017\/07\/cropped-Signapoollogoweb.png","contentUrl":"https:\/\/www.signapool.com\/wp-content\/uploads\/2017\/07\/cropped-Signapoollogoweb.png","width":512,"height":512,"caption":"Signapool | Sistemas flexibles para la impermeabilizaci\u00f3n de piscinas"},"image":{"@id":"https:\/\/www.signapool.com\/#\/schema\/logo\/image\/"}}]}},"uagb_featured_image_src":{"full":["https:\/\/www.signapool.com\/wp-content\/uploads\/2018\/10\/render-sistema-signapool-poliester-lamina.png",1024,927,false],"thumbnail":["https:\/\/www.signapool.com\/wp-content\/uploads\/2018\/10\/render-sistema-signapool-poliester-lamina-150x150.png",150,150,true],"medium":["https:\/\/www.signapool.com\/wp-content\/uploads\/2018\/10\/render-sistema-signapool-poliester-lamina-300x271.png",300,271,true],"medium_large":["https:\/\/www.signapool.com\/wp-content\/uploads\/2018\/10\/render-sistema-signapool-poliester-lamina-768x695.png",768,695,true],"large":["https:\/\/www.signapool.com\/wp-content\/uploads\/2018\/10\/render-sistema-signapool-poliester-lamina-1024x927.png",1024,927,true],"1536x1536":["https:\/\/www.signapool.com\/wp-content\/uploads\/2018\/10\/render-sistema-signapool-poliester-lamina-1536x1390.png",1536,1390,true],"2048x2048":["https:\/\/www.signapool.com\/wp-content\/uploads\/2018\/10\/render-sistema-signapool-poliester-lamina.png",1024,927,false],"woocommerce_thumbnail":["https:\/\/www.signapool.com\/wp-content\/uploads\/2018\/10\/render-sistema-signapool-poliester-lamina-300x300.png",300,300,true],"woocommerce_single":["https:\/\/www.signapool.com\/wp-content\/uploads\/2018\/10\/render-sistema-signapool-poliester-lamina.png",600,543,false],"woocommerce_gallery_thumbnail":["https:\/\/www.signapool.com\/wp-content\/uploads\/2018\/10\/render-sistema-signapool-poliester-lamina-100x100.png",100,100,true]},"uagb_author_info":{"display_name":"admin","author_link":"https:\/\/www.signapool.com\/en\/author\/moon\/"},"uagb_comment_info":0,"uagb_excerpt":"Antes de explicar el sistema de reparaci\u00f3n de piscinas de poli\u00e9ster con gresite es importante explicar que las Piscinas llamadas de Poli\u00e9ster o fibria de vidrio en realidad son una mezcla de los dos materiales. Para construir el vaso se mezclan las dos resinas y se crea una estructura resistente y duradera. Patolog\u00edas en Piscinas&hellip;","_links":{"self":[{"href":"https:\/\/www.signapool.com\/en\/wp-json\/wp\/v2\/pages\/7010","targetHints":{"allow":["GET"]}}],"collection":[{"href":"https:\/\/www.signapool.com\/en\/wp-json\/wp\/v2\/pages"}],"about":[{"href":"https:\/\/www.signapool.com\/en\/wp-json\/wp\/v2\/types\/page"}],"author":[{"embeddable":true,"href":"https:\/\/www.signapool.com\/en\/wp-json\/wp\/v2\/users\/1"}],"replies":[{"embeddable":true,"href":"https:\/\/www.signapool.com\/en\/wp-json\/wp\/v2\/comments?post=7010"}],"version-history":[{"count":0,"href":"https:\/\/www.signapool.com\/en\/wp-json\/wp\/v2\/pages\/7010\/revisions"}],"wp:featuredmedia":[{"embeddable":true,"href":"https:\/\/www.signapool.com\/en\/wp-json\/wp\/v2\/media\/1528"}],"wp:attachment":[{"href":"https:\/\/www.signapool.com\/en\/wp-json\/wp\/v2\/media?parent=7010"}],"curies":[{"name":"wp","href":"https:\/\/api.w.org\/{rel}","templated":true}]}}