{"id":7002,"date":"2020-04-25T16:36:02","date_gmt":"2020-04-25T16:36:02","guid":{"rendered":"https:\/\/www.signapool.com\/impermeabilizar-piscinas-de-polipropileno-con-gresite\/"},"modified":"2020-04-25T16:36:02","modified_gmt":"2020-04-25T16:36:02","slug":"impermeabilizar-piscinas-de-polipropileno-con-gresite","status":"publish","type":"page","link":"https:\/\/www.signapool.com\/en\/impermeabilizar-piscinas-de-polipropileno-con-gresite\/","title":{"rendered":"Impermeabilizar piscinas de polipropileno con gresite"},"content":{"rendered":"\n<p>Las piscinas de&nbsp;<strong>polipropileno y hormig\u00f3n<\/strong>&nbsp;son piscinas muy r\u00e1pidas de construir que consisten en un encofrado perdido de polipropileno y una base de hormig\u00f3n reforzado. Despu\u00e9s de realizar la excavaci\u00f3n se colocan los paneles de polipropileno con la forma que va a tener la piscina y luego se realiza el hormigonado de muros y base.<\/p>\n\n\n\n<p>Este tipo de piscina tiene la ventaja de no sufrir movimientos estructurales en los muros ya que el hormig\u00f3n est\u00e1 encapsulado en el encofrado de polipropileno.<\/p>\n\n\n\n<p>Hasta hace muy poco, las piscinas de polipropileno&nbsp;<strong>s\u00f3lo se pod\u00edan hacer con liner o l\u00e1mina armada<\/strong>. El liner es una l\u00e1mina de PVC impermeable y a la vez el acabado de la piscina.<\/p>\n\n\n\n<p>El liner tiene varias desventajas:<\/p>\n\n\n\n<ol class=\"wp-block-list\"><li>&nbsp;Duraci\u00f3n limitada: se descolora con la exposici\u00f3n al sol al cabo de 10 a\u00f1os<\/li><li>&nbsp;Se puede arrugar con los cambios de temperatura<\/li><li>Se pueden notan las juntas si el trabajo no est\u00e1 bien realizado.<\/li><\/ol>\n\n\n\n<p>El nuevo sistema Signapool <strong>para piscinas de polipropileno<\/strong> es un sistema innovador creado exclusivamente para asegurar la estanqueidad de este tipo de piscina y, al mismo tiempo, poder dar un acabado de mosaico o cer\u00e1mica.<\/p>\n\n\n\n<h2 class=\"wp-block-heading\" id=\"sistema-signapool-para-piscinas-de-polipropileno-y-hormigon\">Sistema Signapool para Piscinas de&nbsp;Polipropileno y hormig\u00f3n.<\/h2>\n\n\n\n<figure class=\"wp-block-image\"><a href=\"https:\/\/www.signapool.com\/wp-content\/uploads\/2019\/11\/IMG_20190110_115113.jpg\"><img decoding=\"async\" data-src=\"https:\/\/www.signapool.com\/wp-content\/uploads\/2019\/11\/IMG_20190110_115113-1024x768.jpg\" alt=\"piscina de polipropileno con gresite\" src=\"data:image\/svg+xml;base64,PHN2ZyB3aWR0aD0iMSIgaGVpZ2h0PSIxIiB4bWxucz0iaHR0cDovL3d3dy53My5vcmcvMjAwMC9zdmciPjwvc3ZnPg==\" class=\"lazyload\" style=\"--smush-placeholder-width: 1024px; --smush-placeholder-aspect-ratio: 1024\/768;\" \/><\/a><\/figure>\n\n\n\n<p>El sistema para impermeabilizar o renovar piscinas de polipropileno se compone de varios productos especiales. Lo primero que debemos abordar es la estanqueidad de los paneles. Para ello usaremos la&nbsp;<strong>l\u00e1mina Signapool S1 STEEL LT<\/strong>&nbsp;<strong>autoadhesiva<\/strong>&nbsp;sobre polipropileno y que a la vez permite adherir gresite o cer\u00e1mica directamente sobre ella. Es importante respetar las juntas entre paneles ya que esta junta luego ir\u00e1 sellada con una cinta impermeable m\u00e1s flexible (300%).<\/p>\n\n\n\n<p>Una vez pegada la l\u00e1mina autoadhesiva Signapool en todos los paneles de la piscina, se deben sellar las juntas entre paneles con la cinta impermeable&nbsp;<strong>Signapool hyperflex<\/strong>&nbsp;tambi\u00e9n preparada para gresite. Para adherirla utilizaremos el adhesivo impermeable&nbsp;<strong>Signapool X-COLL v2<\/strong>&nbsp;que evitar\u00e1 que cualquier posible poro en la aplicaci\u00f3n o contrapresi\u00f3n de agua de lluvia o terreno nos genere un problema.<\/p>\n\n\n\n<figure class=\"wp-block-image alignfull\"><a href=\"https:\/\/www.signapool.com\/wp-content\/uploads\/2019\/11\/IMG_20190111_120207.jpg\"><img decoding=\"async\" data-src=\"https:\/\/www.signapool.com\/wp-content\/uploads\/2019\/11\/IMG_20190111_120207-768x1024.jpg\" alt=\"\" src=\"data:image\/svg+xml;base64,PHN2ZyB3aWR0aD0iMSIgaGVpZ2h0PSIxIiB4bWxucz0iaHR0cDovL3d3dy53My5vcmcvMjAwMC9zdmciPjwvc3ZnPg==\" class=\"lazyload\" style=\"--smush-placeholder-width: 768px; --smush-placeholder-aspect-ratio: 768\/1024;\" \/><\/a><\/figure>\n\n\n\n<p>Despu\u00e9s pegaremos la&nbsp;<strong>l\u00e1mina Signapool S1<\/strong>&nbsp;en toda la&nbsp;superficie de la losa de hormig\u00f3n utilizando el&nbsp;<strong>adhesivo flexcol S<\/strong>. Los solapes de 5cm entre l\u00e1minas deben sellarse con el&nbsp; adhesivo impermeable bicomponente&nbsp;<strong>Signapool X-COLL<\/strong>&nbsp;(el mismo que usamos para pegar las cintas).<\/p>\n\n\n\n<p>Ahora tenemos toda la piscina cubierta de l\u00e1mina&nbsp;<strong>Signapool<\/strong>, s\u00f3lo nos falta unir la l\u00e1mina del suelo (signapool S1) con la l\u00e1mina de los paneles (Signapool S1 STEEL); para ello usaremos la misma cinta flexible y la pegaremos con el adhesivo impermeable X-COLL. Si nuestra piscina tiene \u00e1ngulos rectos entre 2 paredes y el suelo podemos utilizar las esquinas preformadas y pegarlas directamente.<\/p>\n\n\n\n<figure class=\"wp-block-gallery has-nested-images columns-default is-cropped wp-block-gallery-2 is-layout-flex wp-block-gallery-is-layout-flex\">\n<figure class=\"wp-block-image\"><img decoding=\"async\" data-src=\"https:\/\/www.signapool.com\/wp-content\/uploads\/2019\/11\/IMG_20190110_161438-1024x768.jpg\" alt=\"\" src=\"data:image\/svg+xml;base64,PHN2ZyB3aWR0aD0iMSIgaGVpZ2h0PSIxIiB4bWxucz0iaHR0cDovL3d3dy53My5vcmcvMjAwMC9zdmciPjwvc3ZnPg==\" class=\"lazyload\" style=\"--smush-placeholder-width: 1024px; --smush-placeholder-aspect-ratio: 1024\/768;\" \/><\/figure>\n\n\n\n<figure class=\"wp-block-image\"><img decoding=\"async\" data-src=\"https:\/\/www.signapool.com\/wp-content\/uploads\/2018\/09\/signa-1024x768.jpg\" alt=\"piscinas de acero con gresite\" src=\"data:image\/svg+xml;base64,PHN2ZyB3aWR0aD0iMSIgaGVpZ2h0PSIxIiB4bWxucz0iaHR0cDovL3d3dy53My5vcmcvMjAwMC9zdmciPjwvc3ZnPg==\" class=\"lazyload\" style=\"--smush-placeholder-width: 1024px; --smush-placeholder-aspect-ratio: 1024\/768;\" \/><\/figure>\n<\/figure>\n\n\n\n<p>El \u00faltimo paso para la impermeabilizaci\u00f3n consiste en sellar todos los accesorios de la piscina (skimmer, focos, impulsores). Para ello usaremos la masilla especial&nbsp;<strong>Signapool MS10<\/strong>&nbsp;y la aplicaremos entre la l\u00e1mina y el material de pl\u00e1stico o ABS.<\/p>\n\n\n\n<figure class=\"wp-block-image alignfull\"><a href=\"https:\/\/www.signapool.com\/wp-content\/uploads\/2018\/09\/IMG_20190121_130541-768x1024.jpg\"><img decoding=\"async\" data-src=\"https:\/\/www.signapool.com\/wp-content\/uploads\/2018\/09\/IMG_20190121_130541-768x1024.jpg\" alt=\"piscinas de acero con gresite\" src=\"data:image\/svg+xml;base64,PHN2ZyB3aWR0aD0iMSIgaGVpZ2h0PSIxIiB4bWxucz0iaHR0cDovL3d3dy53My5vcmcvMjAwMC9zdmciPjwvc3ZnPg==\" class=\"lazyload\" style=\"--smush-placeholder-width: 768px; --smush-placeholder-aspect-ratio: 768\/1024;\" \/><\/a><\/figure>\n\n\n\n<p>Ahora ya podemos colocar el mosaico utilizando el adhesivo cementoso Signapool cerafix blanco sobre todo el sistema de l\u00e1minas Signapool y aplicar la <a href=\"https:\/\/www.signapool.com\/lechada-para-piscina\/\">lechada<\/a>.<\/p>\n\n\n\n<figure class=\"wp-block-image alignfull\"><a href=\"https:\/\/www.signapool.com\/wp-content\/uploads\/2018\/09\/IMG-20190224-WA0007-1.jpg\"><img decoding=\"async\" data-src=\"https:\/\/www.signapool.com\/wp-content\/uploads\/2018\/09\/IMG-20190224-WA0007-1.jpg\" alt=\"piscinas de acero con gresite\" src=\"data:image\/svg+xml;base64,PHN2ZyB3aWR0aD0iMSIgaGVpZ2h0PSIxIiB4bWxucz0iaHR0cDovL3d3dy53My5vcmcvMjAwMC9zdmciPjwvc3ZnPg==\" class=\"lazyload\" style=\"--smush-placeholder-width: 900px; --smush-placeholder-aspect-ratio: 900\/878;\" \/><\/a><\/figure>\n","protected":false},"excerpt":{"rendered":"<p>Las piscinas de polipropileno y hormig\u00f3n son piscinas muy r\u00e1pidas de construir&#8230;<\/p>\n","protected":false},"author":2,"featured_media":2011,"parent":0,"menu_order":0,"comment_status":"closed","ping_status":"closed","template":"","meta":{"_acf_changed":false,"inline_featured_image":false,"_uag_custom_page_level_css":"","site-sidebar-layout":"default","site-content-layout":"","ast-site-content-layout":"default","site-content-style":"default","site-sidebar-style":"default","ast-global-header-display":"","ast-banner-title-visibility":"","ast-main-header-display":"","ast-hfb-above-header-display":"","ast-hfb-below-header-display":"","ast-hfb-mobile-header-display":"","site-post-title":"","ast-breadcrumbs-content":"","ast-featured-img":"","footer-sml-layout":"","ast-disable-related-posts":"","theme-transparent-header-meta":"","adv-header-id-meta":"","stick-header-meta":"","header-above-stick-meta":"","header-main-stick-meta":"","header-below-stick-meta":"","astra-migrate-meta-layouts":"default","ast-page-background-enabled":"default","ast-page-background-meta":{"desktop":{"background-color":"var(--ast-global-color-4)","background-image":"","background-repeat":"repeat","background-position":"center center","background-size":"auto","background-attachment":"scroll","background-type":"","background-media":"","overlay-type":"","overlay-color":"","overlay-opacity":"","overlay-gradient":""},"tablet":{"background-color":"","background-image":"","background-repeat":"repeat","background-position":"center center","background-size":"auto","background-attachment":"scroll","background-type":"","background-media":"","overlay-type":"","overlay-color":"","overlay-opacity":"","overlay-gradient":""},"mobile":{"background-color":"","background-image":"","background-repeat":"repeat","background-position":"center center","background-size":"auto","background-attachment":"scroll","background-type":"","background-media":"","overlay-type":"","overlay-color":"","overlay-opacity":"","overlay-gradient":""}},"ast-content-background-meta":{"desktop":{"background-color":"var(--ast-global-color-5)","background-image":"","background-repeat":"repeat","background-position":"center center","background-size":"auto","background-attachment":"scroll","background-type":"","background-media":"","overlay-type":"","overlay-color":"","overlay-opacity":"","overlay-gradient":""},"tablet":{"background-color":"var(--ast-global-color-5)","background-image":"","background-repeat":"repeat","background-position":"center center","background-size":"auto","background-attachment":"scroll","background-type":"","background-media":"","overlay-type":"","overlay-color":"","overlay-opacity":"","overlay-gradient":""},"mobile":{"background-color":"var(--ast-global-color-5)","background-image":"","background-repeat":"repeat","background-position":"center center","background-size":"auto","background-attachment":"scroll","background-type":"","background-media":"","overlay-type":"","overlay-color":"","overlay-opacity":"","overlay-gradient":""}},"footnotes":""},"class_list":["post-7002","page","type-page","status-publish","has-post-thumbnail","hentry"],"acf":[],"yoast_head":"<!-- This site is optimized with the Yoast SEO Premium plugin v26.1 (Yoast SEO v27.4) - https:\/\/yoast.com\/product\/yoast-seo-premium-wordpress\/ -->\n<title>Impermeabilizar piscinas de polipropileno con gresite<\/title>\n<meta name=\"robots\" content=\"index, follow, max-snippet:-1, max-image-preview:large, max-video-preview:-1\" \/>\n<link rel=\"canonical\" href=\"https:\/\/www.signapool.com\/impermeabilizar-piscinas-de-polipropileno-con-gresite\/\" \/>\n<meta property=\"og:locale\" content=\"en_US\" \/>\n<meta property=\"og:type\" content=\"article\" \/>\n<meta property=\"og:title\" content=\"Impermeabilizar piscinas de polipropileno con gresite\" \/>\n<meta property=\"og:description\" content=\"Las piscinas de polipropileno y hormig\u00f3n son piscinas muy r\u00e1pidas de construir...\" \/>\n<meta property=\"og:url\" content=\"https:\/\/www.signapool.com\/impermeabilizar-piscinas-de-polipropileno-con-gresite\/\" \/>\n<meta property=\"og:site_name\" content=\"Signapool | Sistemas flexibles para la impermeabilizaci\u00f3n de piscinas\" \/>\n<meta property=\"og:image\" content=\"https:\/\/www.signapool.com\/wp-content\/uploads\/2018\/09\/signa04.png\" \/>\n\t<meta property=\"og:image:width\" content=\"1024\" \/>\n\t<meta property=\"og:image:height\" content=\"959\" \/>\n\t<meta property=\"og:image:type\" content=\"image\/png\" \/>\n<meta name=\"twitter:card\" content=\"summary_large_image\" \/>\n<meta name=\"twitter:label1\" content=\"Est. reading time\" \/>\n\t<meta name=\"twitter:data1\" content=\"3 minutes\" \/>\n<script type=\"application\/ld+json\" class=\"yoast-schema-graph\">{\"@context\":\"https:\\\/\\\/schema.org\",\"@graph\":[{\"@type\":\"WebPage\",\"@id\":\"https:\\\/\\\/www.signapool.com\\\/impermeabilizar-piscinas-de-polipropileno-con-gresite\\\/\",\"url\":\"https:\\\/\\\/www.signapool.com\\\/impermeabilizar-piscinas-de-polipropileno-con-gresite\\\/\",\"name\":\"Impermeabilizar piscinas de polipropileno con gresite\",\"isPartOf\":{\"@id\":\"https:\\\/\\\/www.signapool.com\\\/#website\"},\"primaryImageOfPage\":{\"@id\":\"https:\\\/\\\/www.signapool.com\\\/impermeabilizar-piscinas-de-polipropileno-con-gresite\\\/#primaryimage\"},\"image\":{\"@id\":\"https:\\\/\\\/www.signapool.com\\\/impermeabilizar-piscinas-de-polipropileno-con-gresite\\\/#primaryimage\"},\"thumbnailUrl\":\"https:\\\/\\\/www.signapool.com\\\/wp-content\\\/uploads\\\/2018\\\/09\\\/signa04.png\",\"datePublished\":\"2020-04-25T16:36:02+00:00\",\"breadcrumb\":{\"@id\":\"https:\\\/\\\/www.signapool.com\\\/impermeabilizar-piscinas-de-polipropileno-con-gresite\\\/#breadcrumb\"},\"inLanguage\":\"en-US\",\"potentialAction\":[{\"@type\":\"ReadAction\",\"target\":[\"https:\\\/\\\/www.signapool.com\\\/impermeabilizar-piscinas-de-polipropileno-con-gresite\\\/\"]}]},{\"@type\":\"ImageObject\",\"inLanguage\":\"en-US\",\"@id\":\"https:\\\/\\\/www.signapool.com\\\/impermeabilizar-piscinas-de-polipropileno-con-gresite\\\/#primaryimage\",\"url\":\"https:\\\/\\\/www.signapool.com\\\/wp-content\\\/uploads\\\/2018\\\/09\\\/signa04.png\",\"contentUrl\":\"https:\\\/\\\/www.signapool.com\\\/wp-content\\\/uploads\\\/2018\\\/09\\\/signa04.png\",\"width\":1024,\"height\":959,\"caption\":\"piscinas de polipropileno con grestite\"},{\"@type\":\"BreadcrumbList\",\"@id\":\"https:\\\/\\\/www.signapool.com\\\/impermeabilizar-piscinas-de-polipropileno-con-gresite\\\/#breadcrumb\",\"itemListElement\":[{\"@type\":\"ListItem\",\"position\":1,\"name\":\"Portada\",\"item\":\"https:\\\/\\\/www.signapool.com\\\/en\\\/\"},{\"@type\":\"ListItem\",\"position\":2,\"name\":\"Impermeabilizar piscinas de polipropileno con gresite\"}]},{\"@type\":\"WebSite\",\"@id\":\"https:\\\/\\\/www.signapool.com\\\/#website\",\"url\":\"https:\\\/\\\/www.signapool.com\\\/\",\"name\":\"Signapool | Sistemas flexibles para la impermeabilizaci\u00f3n de piscinas\",\"description\":\"Sistemas flexibles para la impermeabilizaci\u00f3n de piscinas\",\"publisher\":{\"@id\":\"https:\\\/\\\/www.signapool.com\\\/#organization\"},\"potentialAction\":[{\"@type\":\"SearchAction\",\"target\":{\"@type\":\"EntryPoint\",\"urlTemplate\":\"https:\\\/\\\/www.signapool.com\\\/?s={search_term_string}\"},\"query-input\":{\"@type\":\"PropertyValueSpecification\",\"valueRequired\":true,\"valueName\":\"search_term_string\"}}],\"inLanguage\":\"en-US\"},{\"@type\":\"Organization\",\"@id\":\"https:\\\/\\\/www.signapool.com\\\/#organization\",\"name\":\"Signapool | Sistemas flexibles para la impermeabilizaci\u00f3n de piscinas\",\"url\":\"https:\\\/\\\/www.signapool.com\\\/\",\"logo\":{\"@type\":\"ImageObject\",\"inLanguage\":\"en-US\",\"@id\":\"https:\\\/\\\/www.signapool.com\\\/#\\\/schema\\\/logo\\\/image\\\/\",\"url\":\"https:\\\/\\\/www.signapool.com\\\/wp-content\\\/uploads\\\/2017\\\/07\\\/cropped-Signapoollogoweb.png\",\"contentUrl\":\"https:\\\/\\\/www.signapool.com\\\/wp-content\\\/uploads\\\/2017\\\/07\\\/cropped-Signapoollogoweb.png\",\"width\":512,\"height\":512,\"caption\":\"Signapool | Sistemas flexibles para la impermeabilizaci\u00f3n de piscinas\"},\"image\":{\"@id\":\"https:\\\/\\\/www.signapool.com\\\/#\\\/schema\\\/logo\\\/image\\\/\"}}]}<\/script>\n<!-- \/ Yoast SEO Premium plugin. -->","yoast_head_json":{"title":"Impermeabilizar piscinas de polipropileno con gresite","robots":{"index":"index","follow":"follow","max-snippet":"max-snippet:-1","max-image-preview":"max-image-preview:large","max-video-preview":"max-video-preview:-1"},"canonical":"https:\/\/www.signapool.com\/impermeabilizar-piscinas-de-polipropileno-con-gresite\/","og_locale":"en_US","og_type":"article","og_title":"Impermeabilizar piscinas de polipropileno con gresite","og_description":"Las piscinas de polipropileno y hormig\u00f3n son piscinas muy r\u00e1pidas de construir...","og_url":"https:\/\/www.signapool.com\/impermeabilizar-piscinas-de-polipropileno-con-gresite\/","og_site_name":"Signapool | Sistemas flexibles para la impermeabilizaci\u00f3n de piscinas","og_image":[{"width":1024,"height":959,"url":"https:\/\/www.signapool.com\/wp-content\/uploads\/2018\/09\/signa04.png","type":"image\/png"}],"twitter_card":"summary_large_image","twitter_misc":{"Est. reading time":"3 minutes"},"schema":{"@context":"https:\/\/schema.org","@graph":[{"@type":"WebPage","@id":"https:\/\/www.signapool.com\/impermeabilizar-piscinas-de-polipropileno-con-gresite\/","url":"https:\/\/www.signapool.com\/impermeabilizar-piscinas-de-polipropileno-con-gresite\/","name":"Impermeabilizar piscinas de polipropileno con gresite","isPartOf":{"@id":"https:\/\/www.signapool.com\/#website"},"primaryImageOfPage":{"@id":"https:\/\/www.signapool.com\/impermeabilizar-piscinas-de-polipropileno-con-gresite\/#primaryimage"},"image":{"@id":"https:\/\/www.signapool.com\/impermeabilizar-piscinas-de-polipropileno-con-gresite\/#primaryimage"},"thumbnailUrl":"https:\/\/www.signapool.com\/wp-content\/uploads\/2018\/09\/signa04.png","datePublished":"2020-04-25T16:36:02+00:00","breadcrumb":{"@id":"https:\/\/www.signapool.com\/impermeabilizar-piscinas-de-polipropileno-con-gresite\/#breadcrumb"},"inLanguage":"en-US","potentialAction":[{"@type":"ReadAction","target":["https:\/\/www.signapool.com\/impermeabilizar-piscinas-de-polipropileno-con-gresite\/"]}]},{"@type":"ImageObject","inLanguage":"en-US","@id":"https:\/\/www.signapool.com\/impermeabilizar-piscinas-de-polipropileno-con-gresite\/#primaryimage","url":"https:\/\/www.signapool.com\/wp-content\/uploads\/2018\/09\/signa04.png","contentUrl":"https:\/\/www.signapool.com\/wp-content\/uploads\/2018\/09\/signa04.png","width":1024,"height":959,"caption":"piscinas de polipropileno con grestite"},{"@type":"BreadcrumbList","@id":"https:\/\/www.signapool.com\/impermeabilizar-piscinas-de-polipropileno-con-gresite\/#breadcrumb","itemListElement":[{"@type":"ListItem","position":1,"name":"Portada","item":"https:\/\/www.signapool.com\/en\/"},{"@type":"ListItem","position":2,"name":"Impermeabilizar piscinas de polipropileno con gresite"}]},{"@type":"WebSite","@id":"https:\/\/www.signapool.com\/#website","url":"https:\/\/www.signapool.com\/","name":"Signapool | Sistemas flexibles para la impermeabilizaci\u00f3n de piscinas","description":"Sistemas flexibles para la impermeabilizaci\u00f3n de piscinas","publisher":{"@id":"https:\/\/www.signapool.com\/#organization"},"potentialAction":[{"@type":"SearchAction","target":{"@type":"EntryPoint","urlTemplate":"https:\/\/www.signapool.com\/?s={search_term_string}"},"query-input":{"@type":"PropertyValueSpecification","valueRequired":true,"valueName":"search_term_string"}}],"inLanguage":"en-US"},{"@type":"Organization","@id":"https:\/\/www.signapool.com\/#organization","name":"Signapool | Sistemas flexibles para la impermeabilizaci\u00f3n de piscinas","url":"https:\/\/www.signapool.com\/","logo":{"@type":"ImageObject","inLanguage":"en-US","@id":"https:\/\/www.signapool.com\/#\/schema\/logo\/image\/","url":"https:\/\/www.signapool.com\/wp-content\/uploads\/2017\/07\/cropped-Signapoollogoweb.png","contentUrl":"https:\/\/www.signapool.com\/wp-content\/uploads\/2017\/07\/cropped-Signapoollogoweb.png","width":512,"height":512,"caption":"Signapool | Sistemas flexibles para la impermeabilizaci\u00f3n de piscinas"},"image":{"@id":"https:\/\/www.signapool.com\/#\/schema\/logo\/image\/"}}]}},"uagb_featured_image_src":{"full":["https:\/\/www.signapool.com\/wp-content\/uploads\/2018\/09\/signa04.png",1024,959,false],"thumbnail":["https:\/\/www.signapool.com\/wp-content\/uploads\/2018\/09\/signa04-150x150.png",150,150,true],"medium":["https:\/\/www.signapool.com\/wp-content\/uploads\/2018\/09\/signa04-300x281.png",300,281,true],"medium_large":["https:\/\/www.signapool.com\/wp-content\/uploads\/2018\/09\/signa04-768x719.png",768,719,true],"large":["https:\/\/www.signapool.com\/wp-content\/uploads\/2018\/09\/signa04-1024x959.png",1024,959,true],"1536x1536":["https:\/\/www.signapool.com\/wp-content\/uploads\/2018\/09\/signa04-1536x1439.png",1536,1439,true],"2048x2048":["https:\/\/www.signapool.com\/wp-content\/uploads\/2018\/09\/signa04.png",1024,959,false],"woocommerce_thumbnail":["https:\/\/www.signapool.com\/wp-content\/uploads\/2018\/09\/signa04-300x300.png",300,300,true],"woocommerce_single":["https:\/\/www.signapool.com\/wp-content\/uploads\/2018\/09\/signa04.png",600,562,false],"woocommerce_gallery_thumbnail":["https:\/\/www.signapool.com\/wp-content\/uploads\/2018\/09\/signa04-100x100.png",100,100,true]},"uagb_author_info":{"display_name":"Ariel","author_link":"https:\/\/www.signapool.com\/en\/author\/ariel\/"},"uagb_comment_info":0,"uagb_excerpt":"Las piscinas de polipropileno y hormig\u00f3n son piscinas muy r\u00e1pidas de construir...","_links":{"self":[{"href":"https:\/\/www.signapool.com\/en\/wp-json\/wp\/v2\/pages\/7002","targetHints":{"allow":["GET"]}}],"collection":[{"href":"https:\/\/www.signapool.com\/en\/wp-json\/wp\/v2\/pages"}],"about":[{"href":"https:\/\/www.signapool.com\/en\/wp-json\/wp\/v2\/types\/page"}],"author":[{"embeddable":true,"href":"https:\/\/www.signapool.com\/en\/wp-json\/wp\/v2\/users\/2"}],"replies":[{"embeddable":true,"href":"https:\/\/www.signapool.com\/en\/wp-json\/wp\/v2\/comments?post=7002"}],"version-history":[{"count":0,"href":"https:\/\/www.signapool.com\/en\/wp-json\/wp\/v2\/pages\/7002\/revisions"}],"wp:featuredmedia":[{"embeddable":true,"href":"https:\/\/www.signapool.com\/en\/wp-json\/wp\/v2\/media\/2011"}],"wp:attachment":[{"href":"https:\/\/www.signapool.com\/en\/wp-json\/wp\/v2\/media?parent=7002"}],"curies":[{"name":"wp","href":"https:\/\/api.w.org\/{rel}","templated":true}]}}