{"id":6983,"date":"2020-05-25T17:33:33","date_gmt":"2020-05-25T17:33:33","guid":{"rendered":"https:\/\/www.signapool.com\/prescriptores\/"},"modified":"2022-03-05T15:05:24","modified_gmt":"2022-03-05T15:05:24","slug":"prescriptores","status":"publish","type":"page","link":"https:\/\/www.signapool.com\/en\/prescriptores\/","title":{"rendered":"Prescripci\u00f3n Sistema Signapool"},"content":{"rendered":"\n<h1 class=\"has-text-align-center wp-block-heading\" id=\"prescripcion-sistema-signapool\">Prescripci\u00f3n Sistema Signapool<\/h1>\n\n\n\n<p class=\"has-text-align-center\">Si es arquitecto o ingeniero y desea prescribir nuestro sistema de estanqueidad puede descargarse el descompuesto en excel abajo. <\/p>\n\n\n\n<p class=\"has-text-align-center\"><strong>Descompuesto sistema Signapool para piscinas de hormig\u00f3n. <\/strong><\/p>\n\n\n\n<div class=\"wp-block-buttons is-horizontal is-content-justification-center is-layout-flex wp-container-core-buttons-is-layout-03627597 wp-block-buttons-is-layout-flex\">\n<div class=\"wp-block-button is-style-outline is-style-outline--2\"><a class=\"wp-block-button__link\" href=\"https:\/\/www.signapool.com\/wp-content\/uploads\/2022\/03\/Descompuestos-Signapool-sistemas-piscina-hormigon-2.xlsx\">Descargar.<\/a><\/div>\n<\/div>\n\n\n\n<div style=\"height:42px\" aria-hidden=\"true\" class=\"wp-block-spacer\"><\/div>\n\n\n\n<figure class=\"wp-block-image size-large\"><a href=\"https:\/\/www.signapool.com\/wp-content\/uploads\/2020\/05\/Descompuestos-Signapool-sistemas-piscina-hormig\u00f3n.xlsx\"><img decoding=\"async\" width=\"1024\" height=\"751\" data-src=\"https:\/\/www.signapool.com\/wp-content\/uploads\/2020\/05\/descompuesto-signapool-1024x751.jpg\" alt=\"\" class=\"wp-image-3200 lazyload\" data-srcset=\"https:\/\/www.signapool.com\/wp-content\/uploads\/2020\/05\/descompuesto-signapool-1024x751.jpg 1024w, https:\/\/www.signapool.com\/wp-content\/uploads\/2020\/05\/descompuesto-signapool-300x220.jpg 300w, https:\/\/www.signapool.com\/wp-content\/uploads\/2020\/05\/descompuesto-signapool-768x563.jpg 768w, https:\/\/www.signapool.com\/wp-content\/uploads\/2020\/05\/descompuesto-signapool.jpg 1507w\" data-sizes=\"(max-width: 1024px) 100vw, 1024px\" src=\"data:image\/svg+xml;base64,PHN2ZyB3aWR0aD0iMSIgaGVpZ2h0PSIxIiB4bWxucz0iaHR0cDovL3d3dy53My5vcmcvMjAwMC9zdmciPjwvc3ZnPg==\" style=\"--smush-placeholder-width: 1024px; --smush-placeholder-aspect-ratio: 1024\/751;\" \/><\/a><\/figure>\n\n\n\n<p class=\"has-text-align-center\">Para otros sistemas Signapool, p\u00f3ngase en contacto a trav\u00e9s del formulario de <a href=\"https:\/\/www.signapool.com\/contacto\/\">contacto<\/a>. <\/p>\n","protected":false},"excerpt":{"rendered":"<p>Prescripci\u00f3n Sistema Signapool Si es arquitecto o ingeniero y desea prescribir nuestro sistema de estanqueidad puede descargarse el descompuesto en excel abajo. Descompuesto sistema Signapool para piscinas de hormig\u00f3n. Para otros sistemas Signapool, p\u00f3ngase en contacto a trav\u00e9s del formulario de contacto.<\/p>\n","protected":false},"author":1,"featured_media":0,"parent":0,"menu_order":0,"comment_status":"closed","ping_status":"closed","template":"","meta":{"_acf_changed":false,"inline_featured_image":false,"_uag_custom_page_level_css":"","site-sidebar-layout":"right-sidebar","site-content-layout":"default","ast-site-content-layout":"default","site-content-style":"default","site-sidebar-style":"default","ast-global-header-display":"","ast-banner-title-visibility":"","ast-main-header-display":"","ast-hfb-above-header-display":"","ast-hfb-below-header-display":"","ast-hfb-mobile-header-display":"","site-post-title":"disabled","ast-breadcrumbs-content":"","ast-featured-img":"","footer-sml-layout":"","ast-disable-related-posts":"","theme-transparent-header-meta":"","adv-header-id-meta":"","stick-header-meta":"","header-above-stick-meta":"","header-main-stick-meta":"","header-below-stick-meta":"","astra-migrate-meta-layouts":"default","ast-page-background-enabled":"default","ast-page-background-meta":{"desktop":{"background-color":"var(--ast-global-color-4)","background-image":"","background-repeat":"repeat","background-position":"center center","background-size":"auto","background-attachment":"scroll","background-type":"","background-media":"","overlay-type":"","overlay-color":"","overlay-opacity":"","overlay-gradient":""},"tablet":{"background-color":"","background-image":"","background-repeat":"repeat","background-position":"center center","background-size":"auto","background-attachment":"scroll","background-type":"","background-media":"","overlay-type":"","overlay-color":"","overlay-opacity":"","overlay-gradient":""},"mobile":{"background-color":"","background-image":"","background-repeat":"repeat","background-position":"center center","background-size":"auto","background-attachment":"scroll","background-type":"","background-media":"","overlay-type":"","overlay-color":"","overlay-opacity":"","overlay-gradient":""}},"ast-content-background-meta":{"desktop":{"background-color":"var(--ast-global-color-5)","background-image":"","background-repeat":"repeat","background-position":"center center","background-size":"auto","background-attachment":"scroll","background-type":"","background-media":"","overlay-type":"","overlay-color":"","overlay-opacity":"","overlay-gradient":""},"tablet":{"background-color":"var(--ast-global-color-5)","background-image":"","background-repeat":"repeat","background-position":"center center","background-size":"auto","background-attachment":"scroll","background-type":"","background-media":"","overlay-type":"","overlay-color":"","overlay-opacity":"","overlay-gradient":""},"mobile":{"background-color":"var(--ast-global-color-5)","background-image":"","background-repeat":"repeat","background-position":"center center","background-size":"auto","background-attachment":"scroll","background-type":"","background-media":"","overlay-type":"","overlay-color":"","overlay-opacity":"","overlay-gradient":""}},"footnotes":""},"class_list":["post-6983","page","type-page","status-publish","hentry"],"acf":[],"yoast_head":"<!-- This site is optimized with the Yoast SEO Premium plugin v26.1 (Yoast SEO v27.4) - https:\/\/yoast.com\/product\/yoast-seo-premium-wordpress\/ -->\n<title>Prescripci\u00f3n Sistema Signapool<\/title>\n<meta name=\"robots\" content=\"noindex, follow\" \/>\n<meta property=\"og:locale\" content=\"en_US\" \/>\n<meta property=\"og:type\" content=\"article\" \/>\n<meta property=\"og:title\" content=\"Prescripci\u00f3n Sistema Signapool\" \/>\n<meta property=\"og:description\" content=\"Prescripci\u00f3n Sistema Signapool Si es arquitecto o ingeniero y desea prescribir nuestro sistema de estanqueidad puede descargarse el descompuesto en excel abajo. Descompuesto sistema Signapool para piscinas de hormig\u00f3n. Para otros sistemas Signapool, p\u00f3ngase en contacto a trav\u00e9s del formulario de contacto.\" \/>\n<meta property=\"og:url\" content=\"https:\/\/www.signapool.com\/prescriptores\/\" \/>\n<meta property=\"og:site_name\" content=\"Signapool | Sistemas flexibles para la impermeabilizaci\u00f3n de piscinas\" \/>\n<meta property=\"article:modified_time\" content=\"2022-03-05T15:05:24+00:00\" \/>\n<meta property=\"og:image\" content=\"https:\/\/www.signapool.com\/wp-content\/uploads\/2020\/05\/descompuesto-signapool-scaled.jpg\" \/>\n\t<meta property=\"og:image:width\" content=\"1507\" \/>\n\t<meta property=\"og:image:height\" content=\"1105\" \/>\n\t<meta property=\"og:image:type\" content=\"image\/jpeg\" \/>\n<meta name=\"twitter:card\" content=\"summary_large_image\" \/>\n<script type=\"application\/ld+json\" class=\"yoast-schema-graph\">{\"@context\":\"https:\\\/\\\/schema.org\",\"@graph\":[{\"@type\":\"WebPage\",\"@id\":\"https:\\\/\\\/www.signapool.com\\\/prescriptores\\\/\",\"url\":\"https:\\\/\\\/www.signapool.com\\\/prescriptores\\\/\",\"name\":\"Prescripci\u00f3n Sistema Signapool\",\"isPartOf\":{\"@id\":\"https:\\\/\\\/www.signapool.com\\\/#website\"},\"primaryImageOfPage\":{\"@id\":\"https:\\\/\\\/www.signapool.com\\\/prescriptores\\\/#primaryimage\"},\"image\":{\"@id\":\"https:\\\/\\\/www.signapool.com\\\/prescriptores\\\/#primaryimage\"},\"thumbnailUrl\":\"https:\\\/\\\/www.signapool.com\\\/wp-content\\\/uploads\\\/2020\\\/05\\\/descompuesto-signapool-1024x751.jpg\",\"datePublished\":\"2020-05-25T17:33:33+00:00\",\"dateModified\":\"2022-03-05T15:05:24+00:00\",\"breadcrumb\":{\"@id\":\"https:\\\/\\\/www.signapool.com\\\/prescriptores\\\/#breadcrumb\"},\"inLanguage\":\"en-US\",\"potentialAction\":[{\"@type\":\"ReadAction\",\"target\":[\"https:\\\/\\\/www.signapool.com\\\/prescriptores\\\/\"]}]},{\"@type\":\"ImageObject\",\"inLanguage\":\"en-US\",\"@id\":\"https:\\\/\\\/www.signapool.com\\\/prescriptores\\\/#primaryimage\",\"url\":\"https:\\\/\\\/www.signapool.com\\\/wp-content\\\/uploads\\\/2020\\\/05\\\/descompuesto-signapool-1024x751.jpg\",\"contentUrl\":\"https:\\\/\\\/www.signapool.com\\\/wp-content\\\/uploads\\\/2020\\\/05\\\/descompuesto-signapool-1024x751.jpg\"},{\"@type\":\"BreadcrumbList\",\"@id\":\"https:\\\/\\\/www.signapool.com\\\/prescriptores\\\/#breadcrumb\",\"itemListElement\":[{\"@type\":\"ListItem\",\"position\":1,\"name\":\"Portada\",\"item\":\"https:\\\/\\\/www.signapool.com\\\/en\\\/\"},{\"@type\":\"ListItem\",\"position\":2,\"name\":\"Prescripci\u00f3n Sistema Signapool\"}]},{\"@type\":\"WebSite\",\"@id\":\"https:\\\/\\\/www.signapool.com\\\/#website\",\"url\":\"https:\\\/\\\/www.signapool.com\\\/\",\"name\":\"Signapool | Sistemas flexibles para la impermeabilizaci\u00f3n de piscinas\",\"description\":\"Sistemas flexibles para la impermeabilizaci\u00f3n de piscinas\",\"publisher\":{\"@id\":\"https:\\\/\\\/www.signapool.com\\\/#organization\"},\"potentialAction\":[{\"@type\":\"SearchAction\",\"target\":{\"@type\":\"EntryPoint\",\"urlTemplate\":\"https:\\\/\\\/www.signapool.com\\\/?s={search_term_string}\"},\"query-input\":{\"@type\":\"PropertyValueSpecification\",\"valueRequired\":true,\"valueName\":\"search_term_string\"}}],\"inLanguage\":\"en-US\"},{\"@type\":\"Organization\",\"@id\":\"https:\\\/\\\/www.signapool.com\\\/#organization\",\"name\":\"Signapool | Sistemas flexibles para la impermeabilizaci\u00f3n de piscinas\",\"url\":\"https:\\\/\\\/www.signapool.com\\\/\",\"logo\":{\"@type\":\"ImageObject\",\"inLanguage\":\"en-US\",\"@id\":\"https:\\\/\\\/www.signapool.com\\\/#\\\/schema\\\/logo\\\/image\\\/\",\"url\":\"https:\\\/\\\/www.signapool.com\\\/wp-content\\\/uploads\\\/2017\\\/07\\\/cropped-Signapoollogoweb.png\",\"contentUrl\":\"https:\\\/\\\/www.signapool.com\\\/wp-content\\\/uploads\\\/2017\\\/07\\\/cropped-Signapoollogoweb.png\",\"width\":512,\"height\":512,\"caption\":\"Signapool | Sistemas flexibles para la impermeabilizaci\u00f3n de piscinas\"},\"image\":{\"@id\":\"https:\\\/\\\/www.signapool.com\\\/#\\\/schema\\\/logo\\\/image\\\/\"}}]}<\/script>\n<!-- \/ Yoast SEO Premium plugin. -->","yoast_head_json":{"title":"Prescripci\u00f3n Sistema Signapool","robots":{"index":"noindex","follow":"follow"},"og_locale":"en_US","og_type":"article","og_title":"Prescripci\u00f3n Sistema Signapool","og_description":"Prescripci\u00f3n Sistema Signapool Si es arquitecto o ingeniero y desea prescribir nuestro sistema de estanqueidad puede descargarse el descompuesto en excel abajo. Descompuesto sistema Signapool para piscinas de hormig\u00f3n. Para otros sistemas Signapool, p\u00f3ngase en contacto a trav\u00e9s del formulario de contacto.","og_url":"https:\/\/www.signapool.com\/prescriptores\/","og_site_name":"Signapool | Sistemas flexibles para la impermeabilizaci\u00f3n de piscinas","article_modified_time":"2022-03-05T15:05:24+00:00","og_image":[{"width":1507,"height":1105,"url":"https:\/\/www.signapool.com\/wp-content\/uploads\/2020\/05\/descompuesto-signapool-scaled.jpg","type":"image\/jpeg"}],"twitter_card":"summary_large_image","schema":{"@context":"https:\/\/schema.org","@graph":[{"@type":"WebPage","@id":"https:\/\/www.signapool.com\/prescriptores\/","url":"https:\/\/www.signapool.com\/prescriptores\/","name":"Prescripci\u00f3n Sistema Signapool","isPartOf":{"@id":"https:\/\/www.signapool.com\/#website"},"primaryImageOfPage":{"@id":"https:\/\/www.signapool.com\/prescriptores\/#primaryimage"},"image":{"@id":"https:\/\/www.signapool.com\/prescriptores\/#primaryimage"},"thumbnailUrl":"https:\/\/www.signapool.com\/wp-content\/uploads\/2020\/05\/descompuesto-signapool-1024x751.jpg","datePublished":"2020-05-25T17:33:33+00:00","dateModified":"2022-03-05T15:05:24+00:00","breadcrumb":{"@id":"https:\/\/www.signapool.com\/prescriptores\/#breadcrumb"},"inLanguage":"en-US","potentialAction":[{"@type":"ReadAction","target":["https:\/\/www.signapool.com\/prescriptores\/"]}]},{"@type":"ImageObject","inLanguage":"en-US","@id":"https:\/\/www.signapool.com\/prescriptores\/#primaryimage","url":"https:\/\/www.signapool.com\/wp-content\/uploads\/2020\/05\/descompuesto-signapool-1024x751.jpg","contentUrl":"https:\/\/www.signapool.com\/wp-content\/uploads\/2020\/05\/descompuesto-signapool-1024x751.jpg"},{"@type":"BreadcrumbList","@id":"https:\/\/www.signapool.com\/prescriptores\/#breadcrumb","itemListElement":[{"@type":"ListItem","position":1,"name":"Portada","item":"https:\/\/www.signapool.com\/en\/"},{"@type":"ListItem","position":2,"name":"Prescripci\u00f3n Sistema Signapool"}]},{"@type":"WebSite","@id":"https:\/\/www.signapool.com\/#website","url":"https:\/\/www.signapool.com\/","name":"Signapool | Sistemas flexibles para la impermeabilizaci\u00f3n de piscinas","description":"Sistemas flexibles para la impermeabilizaci\u00f3n de piscinas","publisher":{"@id":"https:\/\/www.signapool.com\/#organization"},"potentialAction":[{"@type":"SearchAction","target":{"@type":"EntryPoint","urlTemplate":"https:\/\/www.signapool.com\/?s={search_term_string}"},"query-input":{"@type":"PropertyValueSpecification","valueRequired":true,"valueName":"search_term_string"}}],"inLanguage":"en-US"},{"@type":"Organization","@id":"https:\/\/www.signapool.com\/#organization","name":"Signapool | Sistemas flexibles para la impermeabilizaci\u00f3n de piscinas","url":"https:\/\/www.signapool.com\/","logo":{"@type":"ImageObject","inLanguage":"en-US","@id":"https:\/\/www.signapool.com\/#\/schema\/logo\/image\/","url":"https:\/\/www.signapool.com\/wp-content\/uploads\/2017\/07\/cropped-Signapoollogoweb.png","contentUrl":"https:\/\/www.signapool.com\/wp-content\/uploads\/2017\/07\/cropped-Signapoollogoweb.png","width":512,"height":512,"caption":"Signapool | Sistemas flexibles para la impermeabilizaci\u00f3n de piscinas"},"image":{"@id":"https:\/\/www.signapool.com\/#\/schema\/logo\/image\/"}}]}},"uagb_featured_image_src":{"full":false,"thumbnail":false,"medium":false,"medium_large":false,"large":false,"1536x1536":false,"2048x2048":false,"woocommerce_thumbnail":false,"woocommerce_single":false,"woocommerce_gallery_thumbnail":false},"uagb_author_info":{"display_name":"admin","author_link":"https:\/\/www.signapool.com\/en\/author\/moon\/"},"uagb_comment_info":0,"uagb_excerpt":"Prescripci\u00f3n Sistema Signapool Si es arquitecto o ingeniero y desea prescribir nuestro sistema de estanqueidad puede descargarse el descompuesto en excel abajo. Descompuesto sistema Signapool para piscinas de hormig\u00f3n. Para otros sistemas Signapool, p\u00f3ngase en contacto a trav\u00e9s del formulario de contacto.","_links":{"self":[{"href":"https:\/\/www.signapool.com\/en\/wp-json\/wp\/v2\/pages\/6983","targetHints":{"allow":["GET"]}}],"collection":[{"href":"https:\/\/www.signapool.com\/en\/wp-json\/wp\/v2\/pages"}],"about":[{"href":"https:\/\/www.signapool.com\/en\/wp-json\/wp\/v2\/types\/page"}],"author":[{"embeddable":true,"href":"https:\/\/www.signapool.com\/en\/wp-json\/wp\/v2\/users\/1"}],"replies":[{"embeddable":true,"href":"https:\/\/www.signapool.com\/en\/wp-json\/wp\/v2\/comments?post=6983"}],"version-history":[{"count":2,"href":"https:\/\/www.signapool.com\/en\/wp-json\/wp\/v2\/pages\/6983\/revisions"}],"predecessor-version":[{"id":7645,"href":"https:\/\/www.signapool.com\/en\/wp-json\/wp\/v2\/pages\/6983\/revisions\/7645"}],"wp:attachment":[{"href":"https:\/\/www.signapool.com\/en\/wp-json\/wp\/v2\/media?parent=6983"}],"curies":[{"name":"wp","href":"https:\/\/api.w.org\/{rel}","templated":true}]}}